{"id":1011,"date":"2023-02-16T16:15:39","date_gmt":"2023-02-16T16:15:39","guid":{"rendered":"https:\/\/alfarentacarmadeira.com\/offline-credit-card\/"},"modified":"2023-02-16T16:17:20","modified_gmt":"2023-02-16T16:17:20","slug":"offline-credit-card","status":"publish","type":"page","link":"https:\/\/alfarentacarmadeira.com\/pt\/offline-credit-card\/","title":{"rendered":"Offline Credit Card"},"content":{"rendered":"<div class=\"wrap plugin-container\">\n\n\t\n\t\n\t\t<script type=\"text\/javascript\">\r\n\tjQuery.noConflict();\r\n\tjQuery(document).ready(function(){\r\n\t\tvar map = new google.maps.Map(document.getElementById(\"vrcmapcanvas\"), {mapTypeId: google.maps.MapTypeId.ROADMAP});\r\n\t\t\t\tvar marker4 = new google.maps.Marker({\r\n\t\t\tposition: new google.maps.LatLng(32.7798502, -17.0329977),\r\n\t\t\tmap: map,\r\n\t\t\ttitle: 'REPSOL S\u00e3o Vicente'\r\n\t\t});\t\r\n\t\t\t\t\r\n\t\tvar tooltip4 = '<div class=\"vrcgmapinfow\"><h3>REPSOL S\u00e3o Vicente<\/h3><div class=\"vrcgmapinfowdescr\">Esta\u00e7\u00e3o de Servi\u00e7o Alfa Centauro - REPSOL Saramago<\/div><\/div>';\r\n\t\tvar infowindow4 = new google.maps.InfoWindow({\r\n\t\t\tcontent: tooltip4\t\t});\r\n\t\tgoogle.maps.event.addListener(marker4, 'click', function() {\r\n\t\t\tinfowindow4.open(map, marker4);\r\n\t\t});\r\n\t\t\t\t\t\tvar marker7 = new google.maps.Marker({\r\n\t\t\tposition: new google.maps.LatLng(32.7202061, -16.7706339),\r\n\t\t\tmap: map,\r\n\t\t\ttitle: 'GALP Machico'\r\n\t\t});\t\r\n\t\t\t\t\tvar marker8 = new google.maps.Marker({\r\n\t\t\tposition: new google.maps.LatLng(32.6926232, -16.7761991),\r\n\t\t\tmap: map,\r\n\t\t\ttitle: 'Aeroporto da Madeira'\r\n\t\t});\t\r\n\t\t\t\t\t\r\n\t\tvar lat_min = 32.6926232;\r\n\t\tvar lat_max = 32.7798502;\r\n\t\tvar lng_min = -17.0329977;\r\n\t\tvar lng_max = -16.7706339;\r\n\t\t\r\n\t\tmap.setCenter(new google.maps.LatLng( ((lat_max + lat_min) \/ 2.0), ((lng_max + lng_min) \/ 2.0) ));\r\n\t\tmap.fitBounds(new google.maps.LatLngBounds(new google.maps.LatLng(lat_min, lng_min), new google.maps.LatLng(lat_max, lng_max)));\r\n\t\t\r\n\t});\r\n\t<\/script>\r\n\t<div id=\"vrcmapcanvas\" style=\"width: 99%; height: 350px;\"><\/div>\r\n\t<div class=\"vrc-locationslist-wrapper\">\r\n\t\t\t<div class=\"vrclocationbox\">\r\n\t\t\t<h3 class=\"vrcloclistlocname\">REPSOL S\u00e3o Vicente<\/h3>\r\n\t\t\t\t\t<p>Estrada D Jo\u00e3o V, n\u00ba 282 Saramago, 9240-222 S\u00e3o Vicente<\/p>\r\n\t\t\t\t\t\t<div class=\"vrcloclistlocdescr\">Esta\u00e7\u00e3o de Servi\u00e7o Alfa Centauro - REPSOL Saramago<\/div>\r\n\t\t<\/div>\r\n\t\t\t\t<div class=\"vrclocationbox\">\r\n\t\t\t<h3 class=\"vrcloclistlocname\">GALP Machico<\/h3>\r\n\t\t\t\t\t<p>ER108 Estrada D. Manuel I 1 - Sitio da Pontinha, 9200-000 Machico<\/p>\r\n\t\t\t\t\t\t<div class=\"vrcloclistlocdescr\"><\/div>\r\n\t\t<\/div>\r\n\t\t\t\t<div class=\"vrclocationbox\">\r\n\t\t\t<h3 class=\"vrcloclistlocname\">Aeroporto da Madeira<\/h3>\r\n\t\t\t\t\t<p>Aeroporto da Madeira Parque 4, 9100-105 Santa Cruz<\/p>\r\n\t\t\t\t\t\t<div class=\"vrcloclistlocdescr\"><\/div>\r\n\t\t<\/div>\r\n\t\t\t\t<div class=\"vrclocationbox\">\r\n\t\t\t<h3 class=\"vrcloclistlocname\">S\u00e3o Vicente - Delivery Service<\/h3>\r\n\t\t\t\t\t<div class=\"vrcloclistlocdescr\"><\/div>\r\n\t\t<\/div>\r\n\t\t\t\t<div class=\"vrclocationbox\">\r\n\t\t\t<h3 class=\"vrcloclistlocname\">Madeira - Delivery Service<\/h3>\r\n\t\t\t\t\t<div class=\"vrcloclistlocdescr\"><\/div>\r\n\t\t<\/div>\r\n\t\t\t<\/div>\r\n\n<\/div>","protected":false},"excerpt":{"rendered":"","protected":false},"author":1,"featured_media":0,"parent":0,"menu_order":0,"comment_status":"closed","ping_status":"closed","template":"","meta":{"_monsterinsights_skip_tracking":false,"_monsterinsights_sitenote_active":false,"_monsterinsights_sitenote_note":"","_monsterinsights_sitenote_category":0,"_uf_show_specific_survey":0,"_uf_disable_surveys":false,"site-sidebar-layout":"default","site-content-layout":"","ast-site-content-layout":"default","site-content-style":"default","site-sidebar-style":"default","ast-global-header-display":"","ast-banner-title-visibility":"","ast-main-header-display":"","ast-hfb-above-header-display":"","ast-hfb-below-header-display":"","ast-hfb-mobile-header-display":"","site-post-title":"","ast-breadcrumbs-content":"","ast-featured-img":"","footer-sml-layout":"","ast-disable-related-posts":"","theme-transparent-header-meta":"","adv-header-id-meta":"","stick-header-meta":"","header-above-stick-meta":"","header-main-stick-meta":"","header-below-stick-meta":"","astra-migrate-meta-layouts":"default","ast-page-background-enabled":"default","ast-page-background-meta":{"desktop":{"background-color":"","background-image":"","background-repeat":"repeat","background-position":"center center","background-size":"auto","background-attachment":"scroll","background-type":"","background-media":"","overlay-type":"","overlay-color":"","overlay-opacity":"","overlay-gradient":""},"tablet":{"background-color":"","background-image":"","background-repeat":"repeat","background-position":"center center","background-size":"auto","background-attachment":"scroll","background-type":"","background-media":"","overlay-type":"","overlay-color":"","overlay-opacity":"","overlay-gradient":""},"mobile":{"background-color":"","background-image":"","background-repeat":"repeat","background-position":"center center","background-size":"auto","background-attachment":"scroll","background-type":"","background-media":"","overlay-type":"","overlay-color":"","overlay-opacity":"","overlay-gradient":""}},"ast-content-background-meta":{"desktop":{"background-color":"var(--ast-global-color-5)","background-image":"","background-repeat":"repeat","background-position":"center center","background-size":"auto","background-attachment":"scroll","background-type":"","background-media":"","overlay-type":"","overlay-color":"","overlay-opacity":"","overlay-gradient":""},"tablet":{"background-color":"var(--ast-global-color-5)","background-image":"","background-repeat":"repeat","background-position":"center center","background-size":"auto","background-attachment":"scroll","background-type":"","background-media":"","overlay-type":"","overlay-color":"","overlay-opacity":"","overlay-gradient":""},"mobile":{"background-color":"var(--ast-global-color-5)","background-image":"","background-repeat":"repeat","background-position":"center center","background-size":"auto","background-attachment":"scroll","background-type":"","background-media":"","overlay-type":"","overlay-color":"","overlay-opacity":"","overlay-gradient":""}},"footnotes":""},"class_list":["post-1011","page","type-page","status-publish","hentry"],"aioseo_notices":[],"_links":{"self":[{"href":"https:\/\/alfarentacarmadeira.com\/pt\/wp-json\/wp\/v2\/pages\/1011","targetHints":{"allow":["GET"]}}],"collection":[{"href":"https:\/\/alfarentacarmadeira.com\/pt\/wp-json\/wp\/v2\/pages"}],"about":[{"href":"https:\/\/alfarentacarmadeira.com\/pt\/wp-json\/wp\/v2\/types\/page"}],"author":[{"embeddable":true,"href":"https:\/\/alfarentacarmadeira.com\/pt\/wp-json\/wp\/v2\/users\/1"}],"replies":[{"embeddable":true,"href":"https:\/\/alfarentacarmadeira.com\/pt\/wp-json\/wp\/v2\/comments?post=1011"}],"version-history":[{"count":2,"href":"https:\/\/alfarentacarmadeira.com\/pt\/wp-json\/wp\/v2\/pages\/1011\/revisions"}],"predecessor-version":[{"id":1013,"href":"https:\/\/alfarentacarmadeira.com\/pt\/wp-json\/wp\/v2\/pages\/1011\/revisions\/1013"}],"wp:attachment":[{"href":"https:\/\/alfarentacarmadeira.com\/pt\/wp-json\/wp\/v2\/media?parent=1011"}],"curies":[{"name":"wp","href":"https:\/\/api.w.org\/{rel}","templated":true}]}}